{"id":15569,"date":"2021-09-25T19:47:42","date_gmt":"2021-09-26T01:47:42","guid":{"rendered":"http:\/\/www.cynthiapremayoga.com\/?page_id=15569"},"modified":"2024-03-03T18:16:25","modified_gmt":"2024-03-04T00:16:25","slug":"profesorado-de-yoga","status":"publish","type":"page","link":"https:\/\/www.cynthiapremayoga.com\/index.php\/profesorado-de-yoga\/","title":{"rendered":"PROFESORADO PREMA YOGA"},"content":{"rendered":"[spb_text_block animation=&#8221;none&#8221; animation_delay=&#8221;0&#8243; simplified_controls=&#8221;yes&#8221; custom_css_percentage=&#8221;no&#8221; padding_vertical=&#8221;0&#8243; padding_horizontal=&#8221;0&#8243; margin_vertical=&#8221;0&#8243; custom_css=&#8221;margin-top: 0px;margin-bottom: 0px;&#8221; border_size=&#8221;0&#8243; border_styling_global=&#8221;default&#8221; width=&#8221;1\/1&#8243; el_position=&#8221;first last&#8221;]\n<h1 class=\"p1\"><span class=\"s1\">Profesorado Prema Yoga<\/span><b><\/b><\/h1>\n[\/spb_text_block] [spb_text_block animation=&#8221;none&#8221; animation_delay=&#8221;0&#8243; simplified_controls=&#8221;yes&#8221; custom_css_percentage=&#8221;no&#8221; padding_vertical=&#8221;0&#8243; padding_horizontal=&#8221;0&#8243; margin_vertical=&#8221;0&#8243; custom_css=&#8221;margin-top: 0px;margin-bottom: 0px;&#8221; border_size=&#8221;0&#8243; border_styling_global=&#8221;default&#8221; width=&#8221;1\/1&#8243; el_position=&#8221;first last&#8221;]\n<h1 class=\"p9\">\u00bfA quienes est\u00e1 orientada?<\/h1>\n<p class=\"p9\"><b><i>La Formaci\u00f3n est\u00e1 orientada a aquellas personas que buscan conocer los principios y fundamentos del Yoga para iniciar un camino de autoconocimiento, el cual derivar\u00e1 en la profundizaci\u00f3n de las herramientas que propone la pr\u00e1ctica, el encuentro con el DHARMA individual (misi\u00f3n personal) y la posibilidad de compartir las herramientas adquiridas con otros seres a trav\u00e9s de la ense\u00f1anza (opcional).<\/i><\/b><\/p>\n<h2 class=\"p3\"><strong><blockquote class=\"pullquote\">Se otorga Certificado de Instructor de Yoga al completar toda la curr\u00edcula.<\/blockquote><\/strong><\/h2>\n[\/spb_text_block] [spb_text_block animation=&#8221;none&#8221; animation_delay=&#8221;0&#8243; simplified_controls=&#8221;yes&#8221; custom_css_percentage=&#8221;no&#8221; padding_vertical=&#8221;0&#8243; padding_horizontal=&#8221;0&#8243; margin_vertical=&#8221;0&#8243; custom_css=&#8221;margin-top: 0px;margin-bottom: 0px;&#8221; border_size=&#8221;0&#8243; border_styling_global=&#8221;default&#8221; width=&#8221;1\/1&#8243; el_position=&#8221;first last&#8221;]\n<h2 class=\"p5\"><span class=\"s1\">\u00bfQu\u00e9 incluye el Profesorado PremaYoga?<\/span><\/h2>\n<ul class=\"ul1\">\n<li><strong>Pr\u00e1ctica Krishnamacharya<\/strong><\/li>\n<li><strong><span class=\"selectable-text copyable-text\">Videos de asanas en Youtube con explicaci\u00f3n de cada una de ellas y sus variantes<\/span><\/strong><\/li>\n<li class=\"li6\"><strong>Contenidos te\u00f3ricos descargables en PDF<\/strong><\/li>\n<li class=\"li6\"><strong>Espacio de Mentor\u00edas individual<\/strong><\/li>\n<\/ul>\n[\/spb_text_block] [spb_row element_name=&#8221;Row&#8221; wrap_type=&#8221;full-width-contained&#8221; row_bg_type=&#8221;image&#8221; color_row_height=&#8221;content-height&#8221; bg_image=&#8221;14947&#8243; bg_type=&#8221;cover&#8221; parallax_image_height=&#8221;content-height&#8221; parallax_image_movement=&#8221;fixed&#8221; parallax_image_speed=&#8221;standard&#8221; bg_video_loop=&#8221;yes&#8221; parallax_video_height=&#8221;window-height&#8221; row_top_style=&#8221;none&#8221; row_bottom_style=&#8221;none&#8221; parallax_video_overlay=&#8221;none&#8221; row_overlay_opacity=&#8221;0&#8243; remove_element_spacing=&#8221;no&#8221; row_col_spacing=&#8221;0&#8243; row_col_pos=&#8221;default&#8221; row_col_equal_heights=&#8221;no&#8221; row_expanding=&#8221;no&#8221; row_animation=&#8221;none&#8221; row_animation_delay=&#8221;0&#8243; minimize_row=&#8221;no&#8221; simplified_controls=&#8221;yes&#8221; custom_css_percentage=&#8221;no&#8221; custom_css=&#8221;margin-top: 0px;margin-bottom: 0px;&#8221; border_styling_global=&#8221;default&#8221; width=&#8221;1\/1&#8243; el_position=&#8221;first last&#8221;] [spb_blank_spacer height=&#8221;30px&#8221; width=&#8221;1\/1&#8243; el_position=&#8221;first last&#8221;] [spb_text_block animation=&#8221;none&#8221; animation_delay=&#8221;0&#8243; simplified_controls=&#8221;yes&#8221; custom_css_percentage=&#8221;no&#8221; padding_vertical=&#8221;0&#8243; padding_horizontal=&#8221;0&#8243; margin_vertical=&#8221;0&#8243; custom_css=&#8221;margin-top: 0px;margin-bottom: 0px;&#8221; border_size=&#8221;0&#8243; border_styling_global=&#8221;default&#8221; width=&#8221;1\/1&#8243; el_position=&#8221;first last&#8221;]\n<blockquote>\n<h2 class=\"p3\" style=\"text-align: center;\"><span style=\"color: #ffffff;\"><strong><span class=\"s1\">Programa \/\u00a0<\/span><span class=\"s2\">Materias principales:<\/span><\/strong><\/span><\/h2>\n<h2 class=\"p3\" style=\"text-align: center;\"><span style=\"color: #ffffff;\"><strong><span class=\"s1\">Filosof\u00eda\u00a0del Yoga, Anatom\u00eda, Asanas, Pranayamas, Cantos, Meditaci\u00f3n, Vinyasas, Pr\u00e1cticas de la Ense\u00f1anza<\/span><\/strong><\/span><\/h2>\n<\/blockquote>\n[\/spb_text_block] [spb_blank_spacer height=&#8221;30px&#8221; width=&#8221;1\/1&#8243; el_position=&#8221;first last&#8221;] [\/spb_row] [spb_blank_spacer height=&#8221;60px&#8221; width=&#8221;1\/1&#8243; el_position=&#8221;first last&#8221;] [spb_row row_responsive_vis=&#8221;hidden-xs&#8221; element_name=&#8221;Row&#8221; wrap_type=&#8221;full-width-contained&#8221; row_bg_type=&#8221;color&#8221; color_row_height=&#8221;content-height&#8221; bg_type=&#8221;cover&#8221; parallax_image_height=&#8221;content-height&#8221; parallax_image_movement=&#8221;fixed&#8221; parallax_image_speed=&#8221;standard&#8221; bg_video_loop=&#8221;yes&#8221; parallax_video_height=&#8221;window-height&#8221; row_top_style=&#8221;none&#8221; row_bottom_style=&#8221;none&#8221; parallax_video_overlay=&#8221;none&#8221; row_overlay_opacity=&#8221;0&#8243; remove_element_spacing=&#8221;no&#8221; row_col_spacing=&#8221;0&#8243; row_col_pos=&#8221;default&#8221; row_col_equal_heights=&#8221;no&#8221; row_expanding=&#8221;no&#8221; row_animation=&#8221;none&#8221; row_animation_delay=&#8221;0&#8243; minimize_row=&#8221;yes&#8221; simplified_controls=&#8221;yes&#8221; custom_css_percentage=&#8221;no&#8221; padding_vertical=&#8221;0&#8243; padding_horizontal=&#8221;0&#8243; margin_vertical=&#8221;0&#8243; custom_css=&#8221;margin-top: 0px;margin-bottom: 0px;&#8221; border_size=&#8221;0&#8243; border_styling_global=&#8221;default&#8221; width=&#8221;1\/1&#8243; el_position=&#8221;first last&#8221;] [spb_text_block animation=&#8221;none&#8221; animation_delay=&#8221;0&#8243; simplified_controls=&#8221;yes&#8221; custom_css_percentage=&#8221;no&#8221; padding_vertical=&#8221;0&#8243; padding_horizontal=&#8221;0&#8243; margin_vertical=&#8221;0&#8243; custom_css=&#8221;margin-top: 0px;margin-bottom: 0px;&#8221; border_size=&#8221;0&#8243; border_styling_global=&#8221;default&#8221; width=&#8221;1\/2&#8243; el_position=&#8221;first&#8221;]\n<ul class=\"ul1\">\n<li class=\"li16\"><b>Filosof\u00eda del Yoga:<\/b>\u00a0Viajamos miles de a\u00f1os atr\u00e1s para adentrarnos en la historia y en la cultura de India, descubrimos sus or\u00edgenes, su filosof\u00eda, nos abrimos a distintos paradigmas, enfoques y formas de comprender la realidad. Estudiamos las bases del Yoga: El Bhagavad Gita, mitos y leyendas de India.<b> <\/b>Profundizaremos en las ense\u00f1anzas de los Yoga Sutras de Pata\u00f1jali, Carpeta I y II. Recitamos Sutra por Sutra en s\u00e1nscrito.<\/li>\n<\/ul>\n<ul class=\"ul1\">\n<li class=\"li16\"><b>Anatom\u00eda:\u00a0<\/b>Estudiamos las bases de la anatom\u00eda aplicada al movimiento para la pr\u00e1ctica del Yoga y la ciencia que explica c\u00f3mo y por qu\u00e9 el cuerpo humano se mueve de la forma que lo hace: biomec\u00e1nica. Esto incluye la interacci\u00f3n existente entre la persona que ejecuta el movimiento y la interacci\u00f3n con el entorno. Nos adentramos en el conocimiento de los Sistemas internos que conforman nuestro organismo y su v\u00ednculo con la pr\u00e1ctica del Yoga.<\/li>\n<\/ul>\n<ul class=\"ul1\">\n<li class=\"li16\"><b>Asanas:\u00a0<\/b>A trav\u00e9s de las mismas desarrollamos la capacidad de habitar el cuerpo f\u00edsico, desde lo m\u00e1s superficial hacia los planos m\u00e1s sutiles trabajando los aspectos simb\u00f3licos. Hacemos consciente el movimiento y la organizaci\u00f3n del cuerpo en el espacio. Desarrollamos la propiocepci\u00f3n y damos lugar a las emociones que se presentan. Las incomodidades, limitaciones o restricciones y la forma en que las transitamos son tambi\u00e9n parte de la pr\u00e1ctica.<span class=\"Apple-converted-space\">\u00a0 <\/span>Al final del curso, ponemos el foco en alcanzar mayor destreza y conocimiento en la pr\u00e1ctica de asanas m\u00e1s complejas.<\/li>\n<\/ul>\n<ul class=\"ul1\">\n<li class=\"li16\"><b>Teor\u00eda y Pr\u00e1ctica de Pranayamas<\/b>: El arte de mover el prana o energ\u00eda vital por nuestro cuerpo a trav\u00e9s del veh\u00edculo que es la respiraci\u00f3n. Desde la experiencia exploramos cuidadosamente, los principios de los pranayamas, sus beneficios y sus aplicaciones. Conocemos sus efectos desde la experiencia directa: enfriantes, calentantes y neutros.<\/li>\n<\/ul>\n<ul class=\"ul1\">\n<li class=\"li16\"><b>Teor\u00eda y Pr\u00e1ctica de Vinyasas<\/b>: Sincronizaci\u00f3n o uni\u00f3n del flujo de la respiraci\u00f3n con el movimiento.\u00a0Integramos paso a paso los aprendizajes desde la pr\u00e1ctica con todas las herramientas adquiridas; Nos sumergimos en pr\u00e1cticas de Vinyasas integrando los aprendizajes y las herramientas adquiridas durante el trabajo sostenido durante el aprendizaje.<\/li>\n<\/ul>\n[\/spb_text_block] [spb_text_block animation=&#8221;none&#8221; animation_delay=&#8221;0&#8243; simplified_controls=&#8221;yes&#8221; custom_css_percentage=&#8221;no&#8221; padding_vertical=&#8221;0&#8243; padding_horizontal=&#8221;0&#8243; margin_vertical=&#8221;0&#8243; custom_css=&#8221;margin-top: 0px;margin-bottom: 0px;&#8221; border_size=&#8221;0&#8243; border_styling_global=&#8221;default&#8221; width=&#8221;1\/2&#8243; el_position=&#8221;last&#8221;]\n<ul class=\"ul1\">\n<li class=\"li16\"><b>Cantos V\u00e9dicos: <\/b>Nos introducimos en los cantos antiguos de India: Cantos V\u00e9dicos, con sus leyes de escritura y entonaci\u00f3n. Conocemos las reglas gramaticales y entonaciones de los mismos que nos permitir\u00e1n viajar con la voz y descubrir la consciencia de \u201cser\u201c a trav\u00e9s del sonido.<\/li>\n<\/ul>\n<ul class=\"ul1\">\n<li class=\"li16\"><b>Teor\u00eda y Pr\u00e1ctica de Meditaci\u00f3n:\u00a0<\/b>Aprendemos y practicamos la meditaci\u00f3n\u00a0 con la finalidad de conectar lo m\u00e1s profundo de nuestro Ser, indagando y buceando en todo lo que nos suceda.<\/li>\n<\/ul>\n<ul class=\"ul1\">\n<li class=\"li16\"><b>Metodolog\u00eda y Pr\u00e1ctica de la Ense\u00f1anza:<\/b>\u00a0Recorremos el camino de la Planificaci\u00f3n de clases. Reconocemos los aspectos filos\u00f3ficos de la ense\u00f1anza del Yoga y accedemos a la pr\u00e1ctica de nuestros alumnos desde las correcciones posturales b\u00e1sicas y las asistencias.<\/li>\n<\/ul>\n<p class=\"p19\"><span class=\"s3\"><b><i>SEMINARIOS<\/i><\/b><\/span><\/p>\n<ul class=\"ul1\">\n<li class=\"li16\"><b>Nutrici\u00f3n y Ayurveda<\/b>: Sistema de Medicina (m\u00e1s de 5000 a\u00f1os de antig\u00fcedad). Enfoque Tridoshica del Ayurveda (Sistema de Salud proveniente de India). Principios generales de nutrici\u00f3n. El Ayurveda utiliza la energ\u00eda de la comida como medio para equilibrar los dosha. C\u00f3mo son los Dosha. Qu\u00e9 los desequilibra? Qu\u00e9 os equilibra?. Elementos de la naturaleza asociados. Prakriti: Qui\u00e9n soy vs. Vikriti: C\u00f3mo estoy.<\/li>\n<\/ul>\n<ul class=\"ul1\">\n<li class=\"li16\"><b>Budismo:\u00a0<\/b>Introducci\u00f3n al Budismo. Aspectos filos\u00f3ficos e Hist\u00f3ricos. Nacimiento, vida y muerte de Siddhartha Gotama.Cuatro Nobles Verdades. Cinco agregados del apego. Del Budismo primitivo al Budismo Moderno. El Boddhisatvva. Los Diez Paramitas.<\/li>\n<\/ul>\n<ul class=\"ul1\">\n<li class=\"li16\"><b>Hinduismo:\u00a0<\/b>Mitos y Leyendas de la antig\u00fcedad para interpretar las Verdades de los Vedas y los Upanishads. Yoga devocional (Bakti). El Yoga Metaf\u00edsico como camino de transformaci\u00f3n y conciencia.<\/li>\n<\/ul>\n<p class=\"p18\"><b><i>MENTORIAS:<\/i><\/b><i> Planificamos las metas y te acompa\u00f1o en tu crecimiento mediante la profundizaci\u00f3n de las herramientas adquiridas.<\/i><\/p>\n[\/spb_text_block] [\/spb_row] [spb_row row_responsive_vis=&#8221;hidden-lg_hidden-md_hidden-sm&#8221; element_name=&#8221;Row&#8221; wrap_type=&#8221;full-width-contained&#8221; row_bg_type=&#8221;color&#8221; color_row_height=&#8221;content-height&#8221; bg_type=&#8221;cover&#8221; parallax_image_height=&#8221;content-height&#8221; parallax_image_movement=&#8221;fixed&#8221; parallax_image_speed=&#8221;standard&#8221; bg_video_loop=&#8221;yes&#8221; parallax_video_height=&#8221;window-height&#8221; row_top_style=&#8221;none&#8221; row_bottom_style=&#8221;none&#8221; parallax_video_overlay=&#8221;none&#8221; row_overlay_opacity=&#8221;0&#8243; remove_element_spacing=&#8221;no&#8221; row_col_spacing=&#8221;0&#8243; row_col_pos=&#8221;default&#8221; row_col_equal_heights=&#8221;no&#8221; row_expanding=&#8221;no&#8221; row_animation=&#8221;none&#8221; row_animation_delay=&#8221;0&#8243; minimize_row=&#8221;yes&#8221; simplified_controls=&#8221;yes&#8221; custom_css_percentage=&#8221;no&#8221; padding_vertical=&#8221;0&#8243; padding_horizontal=&#8221;0&#8243; margin_vertical=&#8221;0&#8243; custom_css=&#8221;margin-top: 0px;margin-bottom: 0px;&#8221; border_size=&#8221;0&#8243; border_styling_global=&#8221;default&#8221; width=&#8221;1\/1&#8243; el_position=&#8221;first last&#8221;] [spb_text_block animation=&#8221;none&#8221; animation_delay=&#8221;0&#8243; simplified_controls=&#8221;yes&#8221; custom_css_percentage=&#8221;no&#8221; padding_vertical=&#8221;0&#8243; padding_horizontal=&#8221;0&#8243; margin_vertical=&#8221;0&#8243; custom_css=&#8221;margin-top: 0px;margin-bottom: 0px;&#8221; border_size=&#8221;0&#8243; border_styling_global=&#8221;default&#8221; width=&#8221;1\/1&#8243; el_position=&#8221;first last&#8221;]\n<ul class=\"ul1\">\n<li class=\"li16\"><b>Filosof\u00eda del Yoga:<\/b>\u00a0Viajamos miles de a\u00f1os atr\u00e1s para adentrarnos en la historia y en la cultura de India, descubrimos sus or\u00edgenes, su filosof\u00eda, nos abrimos a distintos paradigmas, enfoques y formas de comprender la realidad. Estudiamos las bases del Yoga: El Bhagavad Gita, mitos y leyendas de India.<b> <\/b>Profundizaremos en las ense\u00f1anzas de los Yoga Sutras de Pata\u00f1jali, Carpeta I y II. Recitamos Sutra por Sutra en s\u00e1nscrito.<\/li>\n<\/ul>\n<ul class=\"ul1\">\n<li class=\"li16\"><b>Anatom\u00eda:\u00a0<\/b>Estudiamos las bases de la anatom\u00eda aplicada al movimiento para la pr\u00e1ctica del Yoga y la ciencia que explica c\u00f3mo y por qu\u00e9 el cuerpo humano se mueve de la forma que lo hace: biomec\u00e1nica. Esto incluye la interacci\u00f3n existente entre la persona que ejecuta el movimiento y la interacci\u00f3n con el entorno. Nos adentramos en el conocimiento de los Sistemas internos que conforman nuestro organismo y su v\u00ednculo con la pr\u00e1ctica del Yoga.<\/li>\n<\/ul>\n<ul class=\"ul1\">\n<li class=\"li16\"><b>Asanas:\u00a0<\/b>A trav\u00e9s de las mismas desarrollamos la capacidad de habitar el cuerpo f\u00edsico, desde lo m\u00e1s superficial hacia los planos m\u00e1s sutiles trabajando los aspectos simb\u00f3licos. Hacemos consciente el movimiento y la organizaci\u00f3n del cuerpo en el espacio. Desarrollamos la propiocepci\u00f3n y damos lugar a las emociones que se presentan. Las incomodidades, limitaciones o restricciones y la forma en que las transitamos son tambi\u00e9n parte de la pr\u00e1ctica.<span class=\"Apple-converted-space\">\u00a0 <\/span>Al final del curso, ponemos el foco en alcanzar mayor destreza y conocimiento en la pr\u00e1ctica de asanas m\u00e1s complejas.<\/li>\n<\/ul>\n<ul class=\"ul1\">\n<li class=\"li16\"><b>Teor\u00eda y Pr\u00e1ctica de Pranayamas<\/b>: El arte de mover el prana o energ\u00eda vital por nuestro cuerpo a trav\u00e9s del veh\u00edculo que es la respiraci\u00f3n. Desde la experiencia exploramos cuidadosamente, los principios de los pranayamas, sus beneficios y sus aplicaciones. Conocemos sus efectos desde la experiencia directa: enfriantes, calentantes y neutros.<\/li>\n<\/ul>\n<ul class=\"ul1\">\n<li class=\"li16\"><b>Teor\u00eda y Pr\u00e1ctica de Vinyasas<\/b>: Sincronizaci\u00f3n o uni\u00f3n del flujo de la respiraci\u00f3n con el movimiento.\u00a0Integramos paso a paso los aprendizajes desde la pr\u00e1ctica con todas las herramientas adquiridas; Nos sumergimos en pr\u00e1cticas de Vinyasas integrando los aprendizajes y las herramientas adquiridas durante el trabajo sostenido durante el aprendizaje.<\/li>\n<\/ul>\n<ul class=\"ul1\">\n<li class=\"li16\"><b>Cantos V\u00e9dicos: <\/b>Nos introducimos en los cantos antiguos de India: Cantos V\u00e9dicos, con sus leyes de escritura y entonaci\u00f3n. Conocemos las reglas gramaticales y entonaciones de los mismos que nos permitir\u00e1n viajar con la voz y descubrir la consciencia de \u201cser\u201c a trav\u00e9s del sonido.<\/li>\n<\/ul>\n<ul class=\"ul1\">\n<li class=\"li16\"><b>Teor\u00eda y Pr\u00e1ctica de Meditaci\u00f3n:\u00a0<\/b>Aprendemos y practicamos la meditaci\u00f3n\u00a0 con la finalidad de conectar lo m\u00e1s profundo de nuestro Ser, indagando y buceando en todo lo que nos suceda.<\/li>\n<\/ul>\n<ul class=\"ul1\">\n<li class=\"li16\"><b>Metodolog\u00eda y Pr\u00e1ctica de la Ense\u00f1anza:<\/b>\u00a0Recorremos el camino de la Planificaci\u00f3n de clases. Reconocemos los aspectos filos\u00f3ficos de la ense\u00f1anza del Yoga y accedemos a la pr\u00e1ctica de nuestros alumnos desde las correcciones posturales b\u00e1sicas y las asistencias.<\/li>\n<\/ul>\n<p class=\"p19\"><span class=\"s3\"><b><i>SEMINARIOS<\/i><\/b><\/span><\/p>\n<ul class=\"ul1\">\n<li class=\"li16\"><b>Nutrici\u00f3n y Ayurveda<\/b>: Sistema de Medicina (m\u00e1s de 5000 a\u00f1os de antig\u00fcedad). Enfoque Tridoshica del Ayurveda (Sistema de Salud proveniente de India). Principios generales de nutrici\u00f3n. El Ayurveda utiliza la energ\u00eda de la comida como medio para equilibrar los dosha. C\u00f3mo son los Dosha. Qu\u00e9 los desequilibra? Qu\u00e9 os equilibra?. Elementos de la naturaleza asociados. Prakriti: Qui\u00e9n soy vs. Vikriti: C\u00f3mo estoy.<\/li>\n<\/ul>\n<ul class=\"ul1\">\n<li class=\"li16\"><b>Budismo:\u00a0<\/b>Introducci\u00f3n al Budismo. Aspectos filos\u00f3ficos e Hist\u00f3ricos. Nacimiento, vida y muerte de Siddhartha Gotama.Cuatro Nobles Verdades. Cinco agregados del apego. Del Budismo primitivo al Budismo Moderno. El Boddhisatvva. Los Diez Paramitas.<\/li>\n<\/ul>\n<ul class=\"ul1\">\n<li class=\"li16\"><b>Hinduismo:\u00a0<\/b>Mitos y Leyendas de la antig\u00fcedad para interpretar las Verdades de los Vedas y los Upanishads. Yoga devocional (Bakti). El Yoga Metaf\u00edsico como camino de transformaci\u00f3n y conciencia.<\/li>\n<\/ul>\n<p class=\"p18\"><b><i>MENTORIAS:<\/i><\/b><i> Planificamos las metas y te acompa\u00f1o en tu crecimiento mediante la profundizaci\u00f3n de las herramientas adquiridas.<\/i><\/p>\n[\/spb_text_block] [\/spb_row] [spb_row element_name=&#8221;Row&#8221; wrap_type=&#8221;full-width-contained&#8221; row_bg_type=&#8221;color&#8221; row_bg_color=&#8221;#58baba&#8221; color_row_height=&#8221;content-height&#8221; bg_type=&#8221;cover&#8221; parallax_image_height=&#8221;content-height&#8221; parallax_image_movement=&#8221;fixed&#8221; parallax_image_speed=&#8221;standard&#8221; bg_video_loop=&#8221;yes&#8221; parallax_video_height=&#8221;window-height&#8221; row_top_style=&#8221;none&#8221; row_bottom_style=&#8221;none&#8221; parallax_video_overlay=&#8221;none&#8221; row_overlay_opacity=&#8221;0&#8243; remove_element_spacing=&#8221;no&#8221; row_col_spacing=&#8221;0&#8243; row_col_pos=&#8221;default&#8221; row_col_equal_heights=&#8221;no&#8221; row_expanding=&#8221;no&#8221; row_animation=&#8221;none&#8221; row_animation_delay=&#8221;0&#8243; minimize_row=&#8221;no&#8221; simplified_controls=&#8221;yes&#8221; custom_css_percentage=&#8221;no&#8221; custom_css=&#8221;margin-top: 0px;margin-bottom: 0px;&#8221; border_styling_global=&#8221;default&#8221; width=&#8221;1\/1&#8243; el_position=&#8221;first last&#8221;] [spb_blank_spacer responsive_vis=&#8221;hidden-xs&#8221; height=&#8221;30px&#8221; width=&#8221;1\/6&#8243; el_position=&#8221;first&#8221;] [spb_text_block animation=&#8221;none&#8221; animation_delay=&#8221;0&#8243; simplified_controls=&#8221;yes&#8221; custom_css_percentage=&#8221;no&#8221; padding_vertical=&#8221;0&#8243; padding_horizontal=&#8221;0&#8243; margin_vertical=&#8221;0&#8243; custom_css=&#8221;margin-top: 0px;margin-bottom: 0px;&#8221; border_size=&#8221;0&#8243; border_styling_global=&#8221;default&#8221; width=&#8221;2\/3&#8243; el_position=&#8221;last&#8221;]\n<h1 class=\"p1\" style=\"text-align: center;\"><span class=\"s1\" style=\"color: #ffffff;\">Cursada Abierta: a tu ritmo<\/span><\/h1>\n<h3 class=\"p3\" style=\"text-align: center;\"><span class=\"s1\" style=\"color: #ffffff;\"><b>Todo estudiante que desee cursar parcialmente las materias incluidas en las curr\u00edculas del Profesorado o la Especializaci\u00f3n en Yogaterapia,<span class=\"Apple-converted-space\">\u00a0<\/span><span style=\"color: #ffffff;\">podr\u00e1 realizarlo en cualquier momento del a\u00f1o.<\/span><\/b><\/span><\/h3>\n[\/spb_text_block] [spb_blank_spacer responsive_vis=&#8221;hidden-xs&#8221; height=&#8221;30px&#8221; width=&#8221;1\/1&#8243; el_position=&#8221;first last&#8221;] [\/spb_row] [spb_text_block animation=&#8221;none&#8221; animation_delay=&#8221;0&#8243; simplified_controls=&#8221;yes&#8221; custom_css_percentage=&#8221;no&#8221; padding_vertical=&#8221;0&#8243; padding_horizontal=&#8221;0&#8243; margin_vertical=&#8221;0&#8243; custom_css=&#8221;margin-top: 0px;margin-bottom: 0px;&#8221; border_size=&#8221;0&#8243; border_styling_global=&#8221;default&#8221; width=&#8221;1\/1&#8243; el_position=&#8221;first last&#8221;]\n<h2 style=\"text-align: center;\">Preguntas frecuentes<\/h2>\n[\/spb_text_block] [spb_text_block animation=&#8221;none&#8221; animation_delay=&#8221;0&#8243; simplified_controls=&#8221;yes&#8221; custom_css_percentage=&#8221;no&#8221; padding_vertical=&#8221;0&#8243; padding_horizontal=&#8221;0&#8243; margin_vertical=&#8221;0&#8243; custom_css=&#8221;margin-top: 0px;margin-bottom: 0px;&#8221; border_size=&#8221;0&#8243; border_styling_global=&#8221;default&#8221; width=&#8221;1\/2&#8243; el_position=&#8221;first&#8221;]\n<h3 class=\"p1\"><span class=\"s1\">\u00bfQu\u00e9 certificado obtengo? <\/span><\/h3>\n<p class=\"p2\">*Se otorga Certificado de Instructor de Yoga<\/p>\n<h3 class=\"p1\"><span class=\"s1\">\u00bfCu\u00e1l es la carga horaria?<\/span><\/h3>\n<p class=\"p2\">*Profesorado de Yoga 250 horas presenciales + trabajos pr\u00e1cticos + pr\u00e1cticas Total m\u00e1s de 400 horas<\/p>\n<h3 class=\"p1\"><span class=\"s1\">\u00bfPuedo anotarme en materias sueltas?<\/span><\/h3>\n<p class=\"p2\">Si, se puede cursar parcialmente sin obtener t\u00edtulo o ir completando las materias en los tiempos individuales, seg\u00fan necesidad de cada alumno. Es lo que llamamos &#8220;cursada abierta&#8221;<\/p>\n[\/spb_text_block] [spb_text_block animation=&#8221;none&#8221; animation_delay=&#8221;0&#8243; simplified_controls=&#8221;yes&#8221; custom_css_percentage=&#8221;no&#8221; padding_vertical=&#8221;0&#8243; padding_horizontal=&#8221;0&#8243; margin_vertical=&#8221;0&#8243; custom_css=&#8221;margin-top: 0px;margin-bottom: 0px;&#8221; border_size=&#8221;0&#8243; border_styling_global=&#8221;default&#8221; width=&#8221;1\/2&#8243; el_position=&#8221;last&#8221;]\n<h3 class=\"p1\"><span class=\"s1\">\u00bfPuedo cursar OnLine?<\/span><\/h3>\n<p class=\"p2\">Si, se puede cursar Presencial, OnLine o Mixto<\/p>\n<h3 class=\"p1\"><span class=\"s1\">\u00bfTienen becas?<\/span><\/h3>\n<p class=\"p2\">Si, se puede solicitar becas seg\u00fan las necesidades individuales<\/p>\n<h3 class=\"p1\"><span class=\"s1\">\u00bfD\u00f3nde se da f\u00edsicamente la formaci\u00f3n?<\/span><\/h3>\n<p class=\"p2\"><a href=\"https:\/\/maps.app.goo.gl\/NBgNG2Lv3PyLVLV87\" target=\"_blank\" rel=\"noopener\">Guerrico 863, Bajo de San Isidro<\/a><\/p>\n[\/spb_text_block]\n","protected":false},"excerpt":{"rendered":"<p>[spb_text_block animation=&#8221;none&#8221; animation_delay=&#8221;0&#8243; simplified_controls=&#8221;yes&#8221; custom_css_percentage=&#8221;no&#8221; padding_vertical=&#8221;0&#8243; padding_horizontal=&#8221;0&#8243; margin_vertical=&#8221;0&#8243; custom_css=&#8221;margin-top: 0px;margin-bottom: 0px;&#8221; border_size=&#8221;0&#8243; border_styling_global=&#8221;default&#8221; width=&#8221;1\/1&#8243; el_position=&#8221;first last&#8221;] Profesorado Prema Yoga [\/spb_text_block] [spb_text_block animation=&#8221;none&#8221; animation_delay=&#8221;0&#8243; simplified_controls=&#8221;yes&#8221; custom_css_percentage=&#8221;no&#8221; padding_vertical=&#8221;0&#8243; padding_horizontal=&#8221;0&#8243; margin_vertical=&#8221;0&#8243; custom_css=&#8221;margin-top: 0px;margin-bottom: 0px;&#8221; border_size=&#8221;0&#8243; border_styling_global=&#8221;default&#8221; width=&#8221;1\/1&#8243; el_position=&#8221;first last&#8221;] \u00bfA quienes est\u00e1 orientada? La Formaci\u00f3n est\u00e1 orientada a aquellas personas que buscan conocer los principios y fundamentos del Yoga para iniciar un camino [&hellip;]<\/p>\n","protected":false},"author":1,"featured_media":0,"parent":0,"menu_order":0,"comment_status":"closed","ping_status":"closed","template":"","meta":{"footnotes":"","_joinchat":[]},"_links":{"self":[{"href":"https:\/\/www.cynthiapremayoga.com\/index.php\/wp-json\/wp\/v2\/pages\/15569"}],"collection":[{"href":"https:\/\/www.cynthiapremayoga.com\/index.php\/wp-json\/wp\/v2\/pages"}],"about":[{"href":"https:\/\/www.cynthiapremayoga.com\/index.php\/wp-json\/wp\/v2\/types\/page"}],"author":[{"embeddable":true,"href":"https:\/\/www.cynthiapremayoga.com\/index.php\/wp-json\/wp\/v2\/users\/1"}],"replies":[{"embeddable":true,"href":"https:\/\/www.cynthiapremayoga.com\/index.php\/wp-json\/wp\/v2\/comments?post=15569"}],"version-history":[{"count":82,"href":"https:\/\/www.cynthiapremayoga.com\/index.php\/wp-json\/wp\/v2\/pages\/15569\/revisions"}],"predecessor-version":[{"id":16352,"href":"https:\/\/www.cynthiapremayoga.com\/index.php\/wp-json\/wp\/v2\/pages\/15569\/revisions\/16352"}],"wp:attachment":[{"href":"https:\/\/www.cynthiapremayoga.com\/index.php\/wp-json\/wp\/v2\/media?parent=15569"}],"curies":[{"name":"wp","href":"https:\/\/api.w.org\/{rel}","templated":true}]}}